{"id":746,"date":"2019-05-15T10:05:29","date_gmt":"2019-05-15T10:05:29","guid":{"rendered":"https:\/\/bodai.unibs.it\/bdsports\/?page_id=746"},"modified":"2024-03-19T12:04:26","modified_gmt":"2024-03-19T11:04:26","slug":"isi-sig-wc","status":"publish","type":"page","link":"https:\/\/bodai.unibs.it\/bdsports\/research\/isi-sig\/isi-sig-wc\/","title":{"rendered":"ISI SIG WC"},"content":{"rendered":"<h1><b>Workshops and Conferences <\/b><b>of the ISI Special Interest Group\u00a0<\/b><b>on Sports Statistics<\/b><\/h1>\n<hr \/>\n<h6><span class=\"newline floatleft\">UPCOMING: 29 &#8211; 31 August 2021<\/span>, Bologna, Italy<\/h6>\n<h4><span class=\"newline floatleft\">COMPSTAT 2021<\/span><\/h4>\n<h5>Organized Invited Session: <span class=\"newline floatleft\">Sports statistics<\/span><\/h5>\n<p>&nbsp;<\/p>\n<p>Organized by <b>Leonardo Egidi<\/b>\u00a0(University of Trieste)<\/p>\n<p><a class=\"button w-button w--current\" href=\"http:\/\/www.compstat2020.org\">Conference Website<\/a><\/p>\n<hr \/>\n<h6><span class=\"newline floatleft\">UPCOMING: 19 &#8211; 21 December 2020<\/span>, London, UK<\/h6>\n<h4><span class=\"newline floatleft\">CMStatistics 2020<\/span><\/h4>\n<h5>Organized Invited Session: <span class=\"newline floatleft\">Sport analytics<\/span><\/h5>\n<p>&nbsp;<\/p>\n<p>Organized by <b>Andreas Groll<\/b>\u00a0(Technische Universit\u00e4t Dortmund) and <b>Christophe Ley<\/b>\u00a0(Gent University)<\/p>\n<p><a class=\"button w-button w--current\" href=\"http:\/\/www.cmstatistics.org\/CMStatistics2020\/\">Conference Website<\/a><\/p>\n<hr \/>\n<h6><span class=\"newline floatleft\">UPCOMING: 18 September 2020<\/span><\/h6>\n<h4><span class=\"newline floatleft\">Statistics in Sports<\/span><\/h4>\n<p>Introduction:\u00a0<b>Paola Zuccolotto<\/b>\u00a0(University of Brescia)<\/p>\n<h4><span class=\"newline floatleft\">Machine Learning in sports medicine<\/span><\/h4>\n<h5>Webinar:<\/h5>\n<p><b>Christophe Ley<\/b>\u00a0(Gent University)<\/p>\n<h5>Round table:<\/h5>\n<p>chaired by<b> Stefano\u00a0Calza<\/b>\u00a0(University of Brescia)<\/p>\n<p>Organized by <b>Marica Manisera<\/b>\u00a0(University of Brescia)<\/p>\n<hr \/>\n<h6><span class=\"newline floatleft\">14 &#8211; 16 December 2019<\/span>, Senate House University of London, UK<\/h6>\n<h4><span class=\"newline floatleft\">CMStatistics 2019 <\/span><\/h4>\n<h5>Organized Invited Session: <span class=\"newline floatleft\">Sport analytics<\/span><\/h5>\n<p>&nbsp;<\/p>\n<p>Speakers:<\/p>\n<ul>\n<li>Ulf Brefeld, Title: Analyzing Positional Data from Soccer Games with Deep Reinforcement Learning<\/li>\n<li>Claus Ekstrom, Title: Evaluating sports tournament predictions<\/li>\n<li>Hans Van Eetvelde, Title:\u00a0 TBA<\/li>\n<li>Marius \u00d6tting, Title: TBA<\/li>\n<\/ul>\n<p>Organized by <b>Andreas Groll<\/b>\u00a0(Technische Universit\u00e4t Dortmund)<\/p>\n<p><a class=\"button w-button w--current\" href=\"http:\/\/www.cmstatistics.org\/CMStatistics2019\">Conference Website<\/a><\/p>\n<hr \/>\n<h6>25-26 November 2019, Athens University of Economics and Business, Greece<\/h6>\n<h4>Sports Analytics Workshop (SAW)<\/h4>\n<h5>Invited talks by ISI SIG members:<\/h5>\n<p>&nbsp;<\/p>\n<p>\u201cMeasuring spatial performance in basketball by CART\u201d (Marica Manisera, University of Brescia)<\/p>\n<p>\u201cComparing statistical models and machine learning algorithms in predicting football outcomes\u201d(Leonardo Egidi, University of Trieste)<\/p>\n<p>Organized by\u00a0<b>Ioannis Ntzoufras<\/b>\u00a0and\u00a0<b>Dimitris Karlis<\/b>\u00a0(Athens University of Economics and Business)<\/p>\n<p><a class=\"button w-button w--current\" href=\"https:\/\/aueb-analytics.wixsite.com\/saw2019\">Conference website<\/a><\/p>\n<hr \/>\n<h6>27 September 2019, University of Brescia, Italy<\/h6>\n<h4>Kickoff Meeting<\/h4>\n<h5>Hosted by the ASA Scientific Conference on <em>Statistics for Health and Well-being<\/em><\/h5>\n<p>&nbsp;<\/p>\n<p>Organized by\u00a0<b>Paola Zuccolotto<\/b>\u00a0and\u00a0<b>Marica Manisera<\/b>\u00a0(University of Brescia)<\/p>\n<p><a class=\"button w-button w--current\" href=\"https:\/\/bodai.unibs.it\/bdsports\/wp-content\/uploads\/sites\/2\/2019\/10\/Kickoff.pdf\">Slides<\/a><\/p>\n<hr \/>\n<h6>27 September 2019, University of Brescia, Italy<\/h6>\n<h4>Sport Statistics Day<\/h4>\n<h5>Satellite event of the ASA Scientific Conference on <em>Statistics for Health and Well-being<\/em><\/h5>\n<p>&nbsp;<\/p>\n<p><strong>Plenary Session<\/strong> \u201cStatistics meet Sports\u201d (Christophe Ley, Gent University)<\/p>\n<p><strong>3 Solicited Sessions<\/strong>: \u201cStatistics for Performance Evaluation in Sports\u201d; \u201cStatistical Models for Sports\u201d; \u201cSports Analytics\u201d<\/p>\n<p>Organized by\u00a0<b>Paola Zuccolotto<\/b>\u00a0and\u00a0<b>Marica Manisera<\/b>\u00a0(University of Brescia)<\/p>\n<hr \/>\n<h6>18-23 August 2019, , Kuala Lumpur, Malaysia<\/h6>\n<h4>ISI World Statistics Congress<\/h4>\n<h5>Lunch Meeting<\/h5>\n<p>&nbsp;<\/p>\n<p>Organized by\u00a0<b>Livio Corain<\/b>\u00a0(University of Padova)<\/p>\n<p><a class=\"button w-button w--current\" href=\"https:\/\/bodai.unibs.it\/bdsports\/wp-content\/uploads\/sites\/2\/2019\/09\/KualaLumpur.pdf\">Slides<\/a><\/p>\n<p><a class=\"button w-button w--current\" href=\"http:\/\/www.isi2019.org\">Conference Website<\/a><\/p>\n<hr \/>\n<h6>18 &#8211; 21 June 2019, Universit\u00e0 Cattolica del Sacro Cuore, Milan, Italy<\/h6>\n<h4>Smart Statistics for Smart Applications (SIS 2019)<\/h4>\n<h5>Organized Invited Session: Statistics in sport<\/h5>\n<p>&nbsp;<\/p>\n<p>Speakers:<\/p>\n<ul>\n<li>Marica Manisera, Paola Zuccolotto, Marco Sandri, Title: BasketballAnalyzeR: the R package for basketball analytics<\/li>\n<li>Jacopo Diquigiovanni, Title: A clustering method for network data to analyse association football playing styles<\/li>\n<li>Rodolfo Metulini, Tullio Facchinetti, Paola Zuccolotto, Title:\u00a0 Detecting and classifying moments in basketball matches using sensor tracked data<\/li>\n<li>Luca Grassetti, Title: Estimation of lineup efficiency effects in Basketball using play-by-play data<\/li>\n<\/ul>\n<p>Organized by <b>Leonardo Egidi<br \/>\n<\/b><\/p>\n<p><a class=\"button w-button w--current\" href=\"http:\/\/meetings3.sis-statistica.org\/index.php\/SIS2019\/sis2019\">Conference website<\/a><\/p>\n<hr \/>\n<h6>3 &#8211; 7 June 2019, Campus des Aiguillettes, l&#8217;Universit\u00e9 de Lorraine &#8211; Vand\u0153uvre-l\u00e8s-Nancy, France<\/h6>\n<h4>51es Journ\u00e9es de Statistique (JdS 2019)<\/h4>\n<h5>Organized Invited Session: Statistique et sport<\/h5>\n<p>&nbsp;<\/p>\n<p>Speakers:<\/p>\n<ul>\n<li>Marica Manisera, Paola Zuccolotto, Marco Sandri, Title: Classification trees to define spatial performance indicators in basketball<\/li>\n<li>Paola Zuccolotto, Marica Manisera, Marco Sandri, Title: Performance variability and team interaction in basketball: a regime switching approach<\/li>\n<li>Christophe Ley, Hans Van Eetvelde, Title:\u00a0 Ranking soccer teams on the basis of their current strength: A comparison of maximum likelihood approaches<\/li>\n<li>Laurent Malisoux, Title: Time-to-event analyses in sports injury research<\/li>\n<\/ul>\n<p>Organized by\u00a0<b>Christophe Ley<\/b> (University of Gent)<\/p>\n<p><a class=\"button w-button w--current\" href=\"http:\/\/www.jds2019.sfds.asso.fr\/index.html\">Conference website<\/a><\/p>\n<hr \/>\n","protected":false},"excerpt":{"rendered":"<p>Workshops and Conferences of the ISI Special Interest Group\u00a0on Sports Statistics UPCOMING: 29 &#8211; 31 August 2021, Bologna, Italy COMPSTAT 2021 Organized Invited Session: Sports statistics &nbsp; Organized by Leonardo Egidi\u00a0(University of Trieste) Conference Website UPCOMING: 19 &#8211; 21 December 2020, London, UK CMStatistics 2020 Organized Invited Session: Sport analytics &nbsp; Organized by Andreas Groll\u00a0(Technische [&hellip;]<\/p>\n","protected":false},"author":1,"featured_media":0,"parent":742,"menu_order":0,"comment_status":"closed","ping_status":"closed","template":"","meta":{"_acf_changed":false,"inline_featured_image":false,"footnotes":""},"class_list":["post-746","page","type-page","status-publish","hentry"],"acf":[],"_links":{"self":[{"href":"https:\/\/bodai.unibs.it\/bdsports\/wp-json\/wp\/v2\/pages\/746","targetHints":{"allow":["GET"]}}],"collection":[{"href":"https:\/\/bodai.unibs.it\/bdsports\/wp-json\/wp\/v2\/pages"}],"about":[{"href":"https:\/\/bodai.unibs.it\/bdsports\/wp-json\/wp\/v2\/types\/page"}],"author":[{"embeddable":true,"href":"https:\/\/bodai.unibs.it\/bdsports\/wp-json\/wp\/v2\/users\/1"}],"replies":[{"embeddable":true,"href":"https:\/\/bodai.unibs.it\/bdsports\/wp-json\/wp\/v2\/comments?post=746"}],"version-history":[{"count":3,"href":"https:\/\/bodai.unibs.it\/bdsports\/wp-json\/wp\/v2\/pages\/746\/revisions"}],"predecessor-version":[{"id":2273,"href":"https:\/\/bodai.unibs.it\/bdsports\/wp-json\/wp\/v2\/pages\/746\/revisions\/2273"}],"up":[{"embeddable":true,"href":"https:\/\/bodai.unibs.it\/bdsports\/wp-json\/wp\/v2\/pages\/742"}],"wp:attachment":[{"href":"https:\/\/bodai.unibs.it\/bdsports\/wp-json\/wp\/v2\/media?parent=746"}],"curies":[{"name":"wp","href":"https:\/\/api.w.org\/{rel}","templated":true}]}}